{"id":77661,"date":"2020-11-16T09:53:44","date_gmt":"2020-11-16T07:53:44","guid":{"rendered":"https:\/\/www.superyachts.news\/uber-uns\/"},"modified":"2024-06-09T23:12:34","modified_gmt":"2024-06-09T21:12:34","slug":"uber-uns","status":"publish","type":"page","link":"https:\/\/www.superyachts.news\/de\/uber-uns\/","title":{"rendered":"\u00dcBER UNS"},"content":{"rendered":"\t\t<div data-elementor-type=\"wp-page\" data-elementor-id=\"77661\" class=\"elementor elementor-77661 elementor-21\" data-elementor-post-type=\"page\">\n\t\t\t\t\t\t<section class=\"elementor-section elementor-top-section elementor-element elementor-element-ecaa413 elementor-section-boxed elementor-section-height-default elementor-section-height-default\" data-id=\"ecaa413\" data-element_type=\"section\" data-e-type=\"section\">\n\t\t\t\t\t\t<div class=\"elementor-container elementor-column-gap-default\">\n\t\t\t\t\t<div class=\"elementor-column elementor-col-100 elementor-top-column elementor-element elementor-element-cc5e90d\" data-id=\"cc5e90d\" data-element_type=\"column\" data-e-type=\"column\">\n\t\t\t<div class=\"elementor-widget-wrap elementor-element-populated\">\n\t\t\t\t\t\t<div class=\"elementor-element elementor-element-6ca6869 elementor-drop-cap-yes elementor-drop-cap-view-default elementor-widget elementor-widget-text-editor\" data-id=\"6ca6869\" data-element_type=\"widget\" data-e-type=\"widget\" data-settings=\"{&quot;drop_cap&quot;:&quot;yes&quot;}\" data-widget_type=\"text-editor.default\">\n\t\t\t\t<div class=\"elementor-widget-container\">\n\t\t\t\t\t\t\t\t\t<h2>\u00dcber uns: Superyacht Nachrichten<\/h2>\n<p>Superyachts News ist Teil von The International Yachting Media, dem meistgelesenen Bootszeitschriften-Netzwerk der Welt.<\/p>\n<p>Unsere Magazine entstanden 2014 aus der unternehmerischen Kreativit\u00e4t von Luca D&#8217;Ambrosio, der 2011 vom damaligen Pr\u00e4sidenten der Italienischen Republik, Giorgio Napolitano, f\u00fcr digitale Innovation ausgezeichnet wurde, und stellen auch heute noch den maximalen Ausdruck von Innovation und Benutzererfahrung dar, den eine Bootszeitschrift dem Leser bieten kann.<\/p>\n<p>Unser Superyacht-Magazin kann kostenlos gelesen, heruntergeladen und weitergegeben werden und ist ebenso sch\u00f6n wie einfach zu durchbl\u00e4ttern.<\/p>\n<p>Das <a href=\"https:\/\/www.superyachts.online\/\" target=\"_blank\" rel=\"noopener\">Superyachts Magazine<\/a> widmet sich den \u00fcber 24 Meter langen Superyachten, die es in einem unvergesslichen Container ausstellt, in dem Luxus und Lifestyle ihren maximalen Ausdruck finden k\u00f6nnen.<\/p>\t\t\t\t\t\t\t\t<\/div>\n\t\t\t\t<\/div>\n\t\t\t\t<div class=\"elementor-element elementor-element-045b74a elementor-drop-cap-yes elementor-drop-cap-view-default elementor-widget elementor-widget-text-editor\" data-id=\"045b74a\" data-element_type=\"widget\" data-e-type=\"widget\" data-settings=\"{&quot;drop_cap&quot;:&quot;yes&quot;}\" data-widget_type=\"text-editor.default\">\n\t\t\t\t<div class=\"elementor-widget-container\">\n\t\t\t\t\t\t\t\t\t<h3>The International Yachting Media andere Ver\u00f6ffentlichungen<\/h3>\n<p>Alle unsere Magazine werden von den besten Journalisten der Welt geschrieben und die Emotionen werden von fantastischen Fotografen eingefangen, die das echte Bootsgef\u00fchl auf die genaueste Art und Weise wiedergeben k\u00f6nnen.<\/p>\n<p>Ein Team, das jeden Tag daran arbeitet, die h\u00f6chstm\u00f6glichen Standards zu gew\u00e4hrleisten.<\/p>\n<h4>The International Yachting Media Digest<\/h4>\n<p><a href=\"https:\/\/www.theinternationalyachtingmedia.com\/\" target=\"_blank\" rel=\"noopener\">The International Yachting Media Digest<\/a> ist das einzige &#8220;werbefreie&#8221; Yachting-Magazin der Welt. Beim Durchbl\u00e4ttern ihrer Seiten werden Bilder zu Videos animiert, W\u00f6rter werden zu Links, die zu bestimmten Erkenntnissen f\u00fchren.<\/p>\n<p><strong>Superyachten<\/strong>, Motorboote, Segelschiffe und alles, was Sie als Bootseigner interessiert, finden Sie in der umfassendsten, digitalen und kostenlosen Bootszeitschrift der Welt.<\/p>\n<h4>Virtuelle Bootsausstellung<\/h4>\n<p>Unsere <a href=\"https:\/\/virtualboatshow.yachtingmedia.com\/\" target=\"_blank\" rel=\"noopener\">virtuelle Bootsausstellung<\/a> ist ein echter Content-Sammler, der Ihnen die M\u00f6glichkeit gibt, an einem Dock entlang zu gehen und alle Informationen \u00fcber die Yacht, die Sie suchen, zu erfahren. Virtuelle Touren, Probefahrten, Superyachten Premiere, Bootszubeh\u00f6r und vieles mehr.<\/p>\n<h4>Bootfahren Nachrichten App<\/h4>\n<p>Unsere <a href=\"https:\/\/tuttobarche.goodbarber.com\/apiv3\/download\" target=\"_blank\" rel=\"noopener\">Boating News App<\/a> ist, wie alle anderen Publikationen, v\u00f6llig kostenlos herunterzuladen und zu nutzen. Ein schnelles und sehr einfaches System, um immer \u00fcber Boote, Superyachten, Segelyachten, Maxi-Ribs und Tender informiert zu bleiben.<\/p>\n<h3>Bootfahren Webmagazine<\/h3>\n<p>Unsere Webmagazine f\u00fcr Boote sammeln einfach die beste Werftproduktion der Welt, und zwar aus einem wirklich globalen Blickwinkel. Unsere in vier Sprachen erscheinenden Magazine erreichen jede Woche mehr als 900.000 Boots- und Superyachtbesitzer und bieten ihnen pr\u00e4zise Informationen \u00fcber das Boot, das sie suchen.<\/p>\n<p><a href=\"https:\/\/www.yachtingmedia.com\/magazine\/\" target=\"_blank\" rel=\"noopener\">YACHTINGMEDIA.COM<\/a><\/p>\n<p><a href=\"https:\/\/www.todoslosbarcos.es\/revista\" target=\"_blank\" rel=\"noopener\">TODOSLOSBARCOS.ES<\/a><\/p>\n<p><a href=\"https:\/\/www.touslesbateaux.fr\/magazine\/\" target=\"_blank\" rel=\"noopener\">TOUSLESBATEAUX.FR<\/a><\/p>\n<p><a href=\"https:\/\/www.tuttobarche.it\/magazine\/\" target=\"_blank\" rel=\"noopener\">TUTTOBARCHE.IT<\/a><\/p>\n\t\t\t\t\t\t\t\t<\/div>\n\t\t\t\t<\/div>\n\t\t\t\t\t<\/div>\n\t\t<\/div>\n\t\t\t\t\t<\/div>\n\t\t<\/section>\n\t\t\t\t<\/div>\n\t\t","protected":false},"excerpt":{"rendered":"<p>\u00dcber uns: Superyacht Nachrichten Superyachts News ist Teil von The International Yachting Media, dem meistgelesenen Bootszeitschriften-Netzwerk der Welt. Unsere Magazine entstanden 2014 aus der unternehmerischen Kreativit\u00e4t von Luca D&#8217;Ambrosio, der 2011 vom damaligen Pr\u00e4sidenten der Italienischen Republik, Giorgio Napolitano, f\u00fcr digitale Innovation ausgezeichnet wurde, und stellen auch heute noch den maximalen Ausdruck von Innovation und [&hellip;]<\/p>\n","protected":false},"author":3,"featured_media":34416,"parent":0,"menu_order":0,"comment_status":"closed","ping_status":"closed","template":"","meta":{"_mo_disable_npp":"","cybocfi_hide_featured_image":"","footnotes":""},"class_list":["post-77661","page","type-page","status-publish","has-post-thumbnail","hentry"],"yoast_head":"<!-- This site is optimized with the Yoast SEO plugin v27.3 - https:\/\/yoast.com\/product\/yoast-seo-wordpress\/ -->\n<title>\u00dcber uns : Superyachts News | The International Yachting Media<\/title>\n<meta name=\"description\" content=\"\u00dcber uns: Superyachts News ist Teil von The International Yachting Media, dem weltweit meistgelesenen Netzwerk von Bootszeitschriften.\" \/>\n<meta name=\"robots\" content=\"index, follow, max-snippet:-1, max-image-preview:large, max-video-preview:-1\" \/>\n<link rel=\"canonical\" href=\"https:\/\/www.superyachts.news\/de\/uber-uns\/\" \/>\n<meta property=\"og:locale\" content=\"de_DE\" \/>\n<meta property=\"og:type\" content=\"article\" \/>\n<meta property=\"og:title\" content=\"\u00dcber uns : Superyachts News | The International Yachting Media\" \/>\n<meta property=\"og:description\" content=\"\u00dcber uns: Superyachts News ist Teil von The International Yachting Media, dem weltweit meistgelesenen Netzwerk von Bootszeitschriften.\" \/>\n<meta property=\"og:url\" content=\"https:\/\/www.superyachts.news\/de\/uber-uns\/\" \/>\n<meta property=\"og:site_name\" content=\"Superyachts News\" \/>\n<meta property=\"article:publisher\" content=\"https:\/\/www.facebook.com\/TheInternationalYachtingMedia\" \/>\n<meta property=\"article:modified_time\" content=\"2024-06-09T21:12:34+00:00\" \/>\n<meta property=\"og:image\" content=\"https:\/\/www.superyachts.news\/wp-content\/uploads\/2021\/01\/about-us-superyachts-news.png\" \/>\n\t<meta property=\"og:image:width\" content=\"1024\" \/>\n\t<meta property=\"og:image:height\" content=\"523\" \/>\n\t<meta property=\"og:image:type\" content=\"image\/png\" \/>\n<meta name=\"twitter:card\" content=\"summary_large_image\" \/>\n<meta name=\"twitter:label1\" content=\"Gesch\u00e4tzte Lesezeit\" \/>\n\t<meta name=\"twitter:data1\" content=\"2\u00a0Minuten\" \/>\n<!-- \/ Yoast SEO plugin. -->","yoast_head_json":{"title":"\u00dcber uns : Superyachts News | The International Yachting Media","description":"\u00dcber uns: Superyachts News ist Teil von The International Yachting Media, dem weltweit meistgelesenen Netzwerk von Bootszeitschriften.","robots":{"index":"index","follow":"follow","max-snippet":"max-snippet:-1","max-image-preview":"max-image-preview:large","max-video-preview":"max-video-preview:-1"},"canonical":"https:\/\/www.superyachts.news\/de\/uber-uns\/","og_locale":"de_DE","og_type":"article","og_title":"\u00dcber uns : Superyachts News | The International Yachting Media","og_description":"\u00dcber uns: Superyachts News ist Teil von The International Yachting Media, dem weltweit meistgelesenen Netzwerk von Bootszeitschriften.","og_url":"https:\/\/www.superyachts.news\/de\/uber-uns\/","og_site_name":"Superyachts News","article_publisher":"https:\/\/www.facebook.com\/TheInternationalYachtingMedia","article_modified_time":"2024-06-09T21:12:34+00:00","og_image":[{"width":1024,"height":523,"url":"https:\/\/www.superyachts.news\/wp-content\/uploads\/2021\/01\/about-us-superyachts-news.png","type":"image\/png"}],"twitter_card":"summary_large_image","twitter_misc":{"Gesch\u00e4tzte Lesezeit":"2\u00a0Minuten"},"schema":{"@context":"https:\/\/schema.org","@graph":[{"@type":"NewsArticle","@id":"https:\/\/www.superyachts.news\/de\/uber-uns\/#article","isPartOf":{"@id":"https:\/\/www.superyachts.news\/de\/uber-uns\/"},"author":{"name":"Luca D'Ambrosio","@id":"https:\/\/www.superyachts.news\/de\/#\/schema\/person\/04b8a155c633d33e731667540382dc1f"},"headline":"\u00dcBER UNS","datePublished":"2020-11-16T07:53:44+00:00","dateModified":"2024-06-09T21:12:34+00:00","mainEntityOfPage":{"@id":"https:\/\/www.superyachts.news\/de\/uber-uns\/"},"wordCount":362,"publisher":{"@id":"https:\/\/www.superyachts.news\/de\/#organization"},"image":{"@id":"https:\/\/www.superyachts.news\/de\/uber-uns\/#primaryimage"},"thumbnailUrl":"https:\/\/www.superyachts.news\/wp-content\/uploads\/2021\/01\/about-us-superyachts-news.png","inLanguage":"de"},{"@type":"WebPage","@id":"https:\/\/www.superyachts.news\/de\/uber-uns\/","url":"https:\/\/www.superyachts.news\/de\/uber-uns\/","name":"\u00dcber uns : Superyachts News | The International Yachting Media","isPartOf":{"@id":"https:\/\/www.superyachts.news\/de\/#website"},"primaryImageOfPage":{"@id":"https:\/\/www.superyachts.news\/de\/uber-uns\/#primaryimage"},"image":{"@id":"https:\/\/www.superyachts.news\/de\/uber-uns\/#primaryimage"},"thumbnailUrl":"https:\/\/www.superyachts.news\/wp-content\/uploads\/2021\/01\/about-us-superyachts-news.png","datePublished":"2020-11-16T07:53:44+00:00","dateModified":"2024-06-09T21:12:34+00:00","description":"\u00dcber uns: Superyachts News ist Teil von The International Yachting Media, dem weltweit meistgelesenen Netzwerk von Bootszeitschriften.","inLanguage":"de","potentialAction":[{"@type":"ReadAction","target":["https:\/\/www.superyachts.news\/de\/uber-uns\/"]}]},{"@type":"ImageObject","inLanguage":"de","@id":"https:\/\/www.superyachts.news\/de\/uber-uns\/#primaryimage","url":"https:\/\/www.superyachts.news\/wp-content\/uploads\/2021\/01\/about-us-superyachts-news.png","contentUrl":"https:\/\/www.superyachts.news\/wp-content\/uploads\/2021\/01\/about-us-superyachts-news.png","width":1024,"height":523,"caption":"\u00dcber uns Superyachten Nachrichten"},{"@type":"WebSite","@id":"https:\/\/www.superyachts.news\/de\/#website","url":"https:\/\/www.superyachts.news\/de\/","name":"Superyachts News","description":"Everything about superyachts world","publisher":{"@id":"https:\/\/www.superyachts.news\/de\/#organization"},"potentialAction":[{"@type":"SearchAction","target":{"@type":"EntryPoint","urlTemplate":"https:\/\/www.superyachts.news\/de\/?s={search_term_string}"},"query-input":{"@type":"PropertyValueSpecification","valueRequired":true,"valueName":"search_term_string"}}],"inLanguage":"de"},{"@type":"Organization","@id":"https:\/\/www.superyachts.news\/de\/#organization","name":"Superyachts News","url":"https:\/\/www.superyachts.news\/de\/","logo":{"@type":"ImageObject","inLanguage":"de","@id":"https:\/\/www.superyachts.news\/de\/#\/schema\/logo\/image\/","url":"https:\/\/www.superyachts.news\/wp-content\/uploads\/2021\/04\/logo-superyachts-tiym-1200.png","contentUrl":"https:\/\/www.superyachts.news\/wp-content\/uploads\/2021\/04\/logo-superyachts-tiym-1200.png","width":1200,"height":188,"caption":"Superyachts News"},"image":{"@id":"https:\/\/www.superyachts.news\/de\/#\/schema\/logo\/image\/"},"sameAs":["https:\/\/www.facebook.com\/TheInternationalYachtingMedia","https:\/\/www.instagram.com\/superyachts.magazine\/","https:\/\/www.linkedin.com\/company\/the-international-yachting-media\/","https:\/\/www.youtube.com\/c\/TheInternationalYachtingMedia"]},{"@type":"Person","@id":"https:\/\/www.superyachts.news\/de\/#\/schema\/person\/04b8a155c633d33e731667540382dc1f","name":"Luca D'Ambrosio","image":{"@type":"ImageObject","inLanguage":"de","@id":"https:\/\/secure.gravatar.com\/avatar\/0b5f349e108a80df19ed28514af5346ec5b7cc58136c2577eafd318543063543?s=96&d=mm&r=g","url":"https:\/\/secure.gravatar.com\/avatar\/0b5f349e108a80df19ed28514af5346ec5b7cc58136c2577eafd318543063543?s=96&d=mm&r=g","contentUrl":"https:\/\/secure.gravatar.com\/avatar\/0b5f349e108a80df19ed28514af5346ec5b7cc58136c2577eafd318543063543?s=96&d=mm&r=g","caption":"Luca D'Ambrosio"},"description":"Editor-in-Chief and Journalist. With more than 30 years spent in the publishing industry and 20 sailing and racing with his boats Luca have a very deep working nautical knowledge.","url":"https:\/\/www.superyachts.news\/de\/author\/luca\/"}]}},"_links":{"self":[{"href":"https:\/\/www.superyachts.news\/de\/wp-json\/wp\/v2\/pages\/77661","targetHints":{"allow":["GET"]}}],"collection":[{"href":"https:\/\/www.superyachts.news\/de\/wp-json\/wp\/v2\/pages"}],"about":[{"href":"https:\/\/www.superyachts.news\/de\/wp-json\/wp\/v2\/types\/page"}],"author":[{"embeddable":true,"href":"https:\/\/www.superyachts.news\/de\/wp-json\/wp\/v2\/users\/3"}],"replies":[{"embeddable":true,"href":"https:\/\/www.superyachts.news\/de\/wp-json\/wp\/v2\/comments?post=77661"}],"version-history":[{"count":1,"href":"https:\/\/www.superyachts.news\/de\/wp-json\/wp\/v2\/pages\/77661\/revisions"}],"predecessor-version":[{"id":77662,"href":"https:\/\/www.superyachts.news\/de\/wp-json\/wp\/v2\/pages\/77661\/revisions\/77662"}],"wp:featuredmedia":[{"embeddable":true,"href":"https:\/\/www.superyachts.news\/de\/wp-json\/wp\/v2\/media\/34416"}],"wp:attachment":[{"href":"https:\/\/www.superyachts.news\/de\/wp-json\/wp\/v2\/media?parent=77661"}],"curies":[{"name":"wp","href":"https:\/\/api.w.org\/{rel}","templated":true}]}}