{"id":77665,"date":"2020-11-16T09:53:44","date_gmt":"2020-11-16T07:53:44","guid":{"rendered":"https:\/\/www.superyachts.news\/sobre-nosotros\/"},"modified":"2024-06-09T23:15:19","modified_gmt":"2024-06-09T21:15:19","slug":"sobre-nosotros","status":"publish","type":"page","link":"https:\/\/www.superyachts.news\/es\/sobre-nosotros\/","title":{"rendered":"SOBRE NOSOTROS"},"content":{"rendered":"\t\t<div data-elementor-type=\"wp-page\" data-elementor-id=\"77665\" class=\"elementor elementor-77665 elementor-21\" data-elementor-post-type=\"page\">\n\t\t\t\t\t\t<section class=\"elementor-section elementor-top-section elementor-element elementor-element-ecaa413 elementor-section-boxed elementor-section-height-default elementor-section-height-default\" data-id=\"ecaa413\" data-element_type=\"section\" data-e-type=\"section\">\n\t\t\t\t\t\t<div class=\"elementor-container elementor-column-gap-default\">\n\t\t\t\t\t<div class=\"elementor-column elementor-col-100 elementor-top-column elementor-element elementor-element-cc5e90d\" data-id=\"cc5e90d\" data-element_type=\"column\" data-e-type=\"column\">\n\t\t\t<div class=\"elementor-widget-wrap elementor-element-populated\">\n\t\t\t\t\t\t<div class=\"elementor-element elementor-element-6ca6869 elementor-drop-cap-yes elementor-drop-cap-view-default elementor-widget elementor-widget-text-editor\" data-id=\"6ca6869\" data-element_type=\"widget\" data-e-type=\"widget\" data-settings=\"{&quot;drop_cap&quot;:&quot;yes&quot;}\" data-widget_type=\"text-editor.default\">\n\t\t\t\t<div class=\"elementor-widget-container\">\n\t\t\t\t\t\t\t\t\t<h2>Sobre nosotros: Noticias de Superyates<\/h2>\n<p>Superyachts News forma parte de The International Yachting Media, la red de revistas n\u00e1uticas m\u00e1s le\u00edda del mundo.<\/p>\n<p>Nuestras revistas nacieron en 2014, de la creatividad emprendedora de Luca D&#8217;Ambrosio, premiado por innovaci\u00f3n digital en 2011 por el entonces Presidente de la Rep\u00fablica Italiana Giorgio Napolitano y, a\u00fan hoy, representan la m\u00e1xima expresi\u00f3n de innovaci\u00f3n y experiencia de usuario que una revista n\u00e1utica puede dar a un lector.<\/p>\n<p>Completamente gratuita para leer, descargar y compartir, nuestra revista de superyates, es tan bonita como f\u00e1cil de hojear.<\/p>\n<p><a href=\"https:\/\/www.superyachts.online\/\" target=\"_blank\" rel=\"noopener\">Superyachts Magazine<\/a> est\u00e1 dedicada a los superyates de m\u00e1s de 24 metros que muestra en un contenedor inolvidable donde el lujo y el estilo de vida pueden alcanzar su m\u00e1xima expresi\u00f3n.<\/p>\t\t\t\t\t\t\t\t<\/div>\n\t\t\t\t<\/div>\n\t\t\t\t<div class=\"elementor-element elementor-element-045b74a elementor-drop-cap-yes elementor-drop-cap-view-default elementor-widget elementor-widget-text-editor\" data-id=\"045b74a\" data-element_type=\"widget\" data-e-type=\"widget\" data-settings=\"{&quot;drop_cap&quot;:&quot;yes&quot;}\" data-widget_type=\"text-editor.default\">\n\t\t\t\t<div class=\"elementor-widget-container\">\n\t\t\t\t\t\t\t\t\t<h3>Otras publicaciones de The International Yachting Media<\/h3>\n<p>Todas nuestras revistas est\u00e1n escritas por los mejores periodistas del mundo y las emociones son captadas por fot\u00f3grafos asombrosos que son capaces de informar del sentimiento real del barco de la forma m\u00e1s precisa.<\/p>\n<p>Un equipo que trabaja cada d\u00eda para asegurar los m\u00e1s altos est\u00e1ndares posibles.<\/p>\n<h4>El Yachting Media Digest Internacional<\/h4>\n<p><a href=\"https:\/\/www.theinternationalyachtingmedia.com\/\" target=\"_blank\" rel=\"noopener\">The International Yachting Media Digest<\/a> es la \u00fanica revista de yates &#8220;sin publicidad&#8221; del mundo. Al navegar por sus p\u00e1ginas, las im\u00e1genes se animar\u00e1n convirti\u00e9ndose en v\u00eddeos, las palabras se convertir\u00e1n en enlaces que llevar\u00e1n a conocimientos espec\u00edficos.<\/p>\n<p><strong>Superyates<\/strong>, barcos a motor, veleros y cualquier inter\u00e9s de los propietarios de embarcaciones se puede encontrar en la revista n\u00e1utica m\u00e1s completa, digital y gratuita del mundo.<\/p>\n<h4>Sal\u00f3n N\u00e1utico Virtual<\/h4>\n<p>Nuestro <a href=\"https:\/\/virtualboatshow.yachtingmedia.com\/\" target=\"_blank\" rel=\"noopener\">Sal\u00f3n N\u00e1utico Virtual<\/a> es un aut\u00e9ntico recopilador de contenidos que te da la posibilidad de pasear por un muelle y averiguar toda la informaci\u00f3n relativa al yate que est\u00e1s buscando. Visitas virtuales, pruebas de mar, estreno de superyates, suministros para barcos y mucho m\u00e1s.<\/p>\n<h4>App de noticias n\u00e1uticas<\/h4>\n<p>Nuestra <a href=\"https:\/\/tuttobarche.goodbarber.com\/apiv3\/download\" target=\"_blank\" rel=\"noopener\">aplicaci\u00f3n Boating News<\/a> es, como todas las dem\u00e1s publicaciones, totalmente gratuita. Un sistema r\u00e1pido y muy f\u00e1cil para estar siempre informado sobre n\u00e1utica, superyates, veleros, maxi-barcos y embarcaciones auxiliares.<\/p>\n<h3>Revistas web n\u00e1uticas<\/h3>\n<p>Nuestras revistas web de n\u00e1utica simplemente recogen la mejor producci\u00f3n de los astilleros del mundo, desde un punto de vista realmente global. Publicadas en cuatro idiomas, nuestras revistas llegan cada semana a m\u00e1s de 900.000 propietarios de barcos y superyates, proporcion\u00e1ndoles informaci\u00f3n precisa sobre la embarcaci\u00f3n que buscan.<\/p>\n<p><a href=\"https:\/\/www.yachtingmedia.com\/magazine\/\" target=\"_blank\" rel=\"noopener\">YACHTINGMEDIA.COM<\/a><\/p>\n<p><a href=\"https:\/\/www.todoslosbarcos.es\/revista\" target=\"_blank\" rel=\"noopener\">TODOSLOSBARCOS.ES<\/a><\/p>\n<p><a href=\"https:\/\/www.touslesbateaux.fr\/magazine\/\" target=\"_blank\" rel=\"noopener\">TOUSLESBATEAUX.FR<\/a><\/p>\n<p><a href=\"https:\/\/www.tuttobarche.it\/magazine\/\" target=\"_blank\" rel=\"noopener\">TUTTOBARCHE.IT<\/a><\/p>\n\t\t\t\t\t\t\t\t<\/div>\n\t\t\t\t<\/div>\n\t\t\t\t\t<\/div>\n\t\t<\/div>\n\t\t\t\t\t<\/div>\n\t\t<\/section>\n\t\t\t\t<\/div>\n\t\t","protected":false},"excerpt":{"rendered":"<p>Sobre nosotros: Noticias de Superyates Superyachts News forma parte de The International Yachting Media, la red de revistas n\u00e1uticas m\u00e1s le\u00edda del mundo. Nuestras revistas nacieron en 2014, de la creatividad emprendedora de Luca D&#8217;Ambrosio, premiado por innovaci\u00f3n digital en 2011 por el entonces Presidente de la Rep\u00fablica Italiana Giorgio Napolitano y, a\u00fan hoy, representan [&hellip;]<\/p>\n","protected":false},"author":3,"featured_media":34418,"parent":0,"menu_order":0,"comment_status":"closed","ping_status":"closed","template":"","meta":{"_mo_disable_npp":"","cybocfi_hide_featured_image":"","footnotes":""},"class_list":["post-77665","page","type-page","status-publish","has-post-thumbnail","hentry"],"yoast_head":"<!-- This site is optimized with the Yoast SEO plugin v27.3 - https:\/\/yoast.com\/product\/yoast-seo-wordpress\/ -->\n<title>Sobre nosotros : Superyachts News | The International Yachting Media<\/title>\n<meta name=\"description\" content=\"Sobre nosotros: Superyachts News forma parte de The International Yachting Media, la red de revistas n\u00e1uticas m\u00e1s le\u00edda del mundo.\" \/>\n<meta name=\"robots\" content=\"index, follow, max-snippet:-1, max-image-preview:large, max-video-preview:-1\" \/>\n<link rel=\"canonical\" href=\"https:\/\/www.superyachts.news\/es\/sobre-nosotros\/\" \/>\n<meta property=\"og:locale\" content=\"es_ES\" \/>\n<meta property=\"og:type\" content=\"article\" \/>\n<meta property=\"og:title\" content=\"Sobre nosotros : Superyachts News | The International Yachting Media\" \/>\n<meta property=\"og:description\" content=\"Sobre nosotros: Superyachts News forma parte de The International Yachting Media, la red de revistas n\u00e1uticas m\u00e1s le\u00edda del mundo.\" \/>\n<meta property=\"og:url\" content=\"https:\/\/www.superyachts.news\/es\/sobre-nosotros\/\" \/>\n<meta property=\"og:site_name\" content=\"Superyachts News\" \/>\n<meta property=\"article:publisher\" content=\"https:\/\/www.facebook.com\/TheInternationalYachtingMedia\" \/>\n<meta property=\"article:modified_time\" content=\"2024-06-09T21:15:19+00:00\" \/>\n<meta property=\"og:image\" content=\"https:\/\/www.superyachts.news\/wp-content\/uploads\/2021\/01\/about-us-superyachts-news.png\" \/>\n\t<meta property=\"og:image:width\" content=\"1024\" \/>\n\t<meta property=\"og:image:height\" content=\"523\" \/>\n\t<meta property=\"og:image:type\" content=\"image\/png\" \/>\n<meta name=\"twitter:card\" content=\"summary_large_image\" \/>\n<meta name=\"twitter:label1\" content=\"Tiempo de lectura\" \/>\n\t<meta name=\"twitter:data1\" content=\"2 minutos\" \/>\n<!-- \/ Yoast SEO plugin. -->","yoast_head_json":{"title":"Sobre nosotros : Superyachts News | The International Yachting Media","description":"Sobre nosotros: Superyachts News forma parte de The International Yachting Media, la red de revistas n\u00e1uticas m\u00e1s le\u00edda del mundo.","robots":{"index":"index","follow":"follow","max-snippet":"max-snippet:-1","max-image-preview":"max-image-preview:large","max-video-preview":"max-video-preview:-1"},"canonical":"https:\/\/www.superyachts.news\/es\/sobre-nosotros\/","og_locale":"es_ES","og_type":"article","og_title":"Sobre nosotros : Superyachts News | The International Yachting Media","og_description":"Sobre nosotros: Superyachts News forma parte de The International Yachting Media, la red de revistas n\u00e1uticas m\u00e1s le\u00edda del mundo.","og_url":"https:\/\/www.superyachts.news\/es\/sobre-nosotros\/","og_site_name":"Superyachts News","article_publisher":"https:\/\/www.facebook.com\/TheInternationalYachtingMedia","article_modified_time":"2024-06-09T21:15:19+00:00","og_image":[{"width":1024,"height":523,"url":"https:\/\/www.superyachts.news\/wp-content\/uploads\/2021\/01\/about-us-superyachts-news.png","type":"image\/png"}],"twitter_card":"summary_large_image","twitter_misc":{"Tiempo de lectura":"2 minutos"},"schema":{"@context":"https:\/\/schema.org","@graph":[{"@type":"NewsArticle","@id":"https:\/\/www.superyachts.news\/es\/sobre-nosotros\/#article","isPartOf":{"@id":"https:\/\/www.superyachts.news\/es\/sobre-nosotros\/"},"author":{"name":"Luca D'Ambrosio","@id":"https:\/\/www.superyachts.news\/es\/#\/schema\/person\/04b8a155c633d33e731667540382dc1f"},"headline":"SOBRE NOSOTROS","datePublished":"2020-11-16T07:53:44+00:00","dateModified":"2024-06-09T21:15:19+00:00","mainEntityOfPage":{"@id":"https:\/\/www.superyachts.news\/es\/sobre-nosotros\/"},"wordCount":437,"publisher":{"@id":"https:\/\/www.superyachts.news\/es\/#organization"},"image":{"@id":"https:\/\/www.superyachts.news\/es\/sobre-nosotros\/#primaryimage"},"thumbnailUrl":"https:\/\/www.superyachts.news\/wp-content\/uploads\/2021\/01\/about-us-superyachts-news.png","inLanguage":"es"},{"@type":"WebPage","@id":"https:\/\/www.superyachts.news\/es\/sobre-nosotros\/","url":"https:\/\/www.superyachts.news\/es\/sobre-nosotros\/","name":"Sobre nosotros : Superyachts News | The International Yachting Media","isPartOf":{"@id":"https:\/\/www.superyachts.news\/es\/#website"},"primaryImageOfPage":{"@id":"https:\/\/www.superyachts.news\/es\/sobre-nosotros\/#primaryimage"},"image":{"@id":"https:\/\/www.superyachts.news\/es\/sobre-nosotros\/#primaryimage"},"thumbnailUrl":"https:\/\/www.superyachts.news\/wp-content\/uploads\/2021\/01\/about-us-superyachts-news.png","datePublished":"2020-11-16T07:53:44+00:00","dateModified":"2024-06-09T21:15:19+00:00","description":"Sobre nosotros: Superyachts News forma parte de The International Yachting Media, la red de revistas n\u00e1uticas m\u00e1s le\u00edda del mundo.","inLanguage":"es","potentialAction":[{"@type":"ReadAction","target":["https:\/\/www.superyachts.news\/es\/sobre-nosotros\/"]}]},{"@type":"ImageObject","inLanguage":"es","@id":"https:\/\/www.superyachts.news\/es\/sobre-nosotros\/#primaryimage","url":"https:\/\/www.superyachts.news\/wp-content\/uploads\/2021\/01\/about-us-superyachts-news.png","contentUrl":"https:\/\/www.superyachts.news\/wp-content\/uploads\/2021\/01\/about-us-superyachts-news.png","width":1024,"height":523,"caption":"sobre nosotros superyates noticias"},{"@type":"WebSite","@id":"https:\/\/www.superyachts.news\/es\/#website","url":"https:\/\/www.superyachts.news\/es\/","name":"Superyachts News","description":"Everything about superyachts world","publisher":{"@id":"https:\/\/www.superyachts.news\/es\/#organization"},"potentialAction":[{"@type":"SearchAction","target":{"@type":"EntryPoint","urlTemplate":"https:\/\/www.superyachts.news\/es\/?s={search_term_string}"},"query-input":{"@type":"PropertyValueSpecification","valueRequired":true,"valueName":"search_term_string"}}],"inLanguage":"es"},{"@type":"Organization","@id":"https:\/\/www.superyachts.news\/es\/#organization","name":"Superyachts News","url":"https:\/\/www.superyachts.news\/es\/","logo":{"@type":"ImageObject","inLanguage":"es","@id":"https:\/\/www.superyachts.news\/es\/#\/schema\/logo\/image\/","url":"https:\/\/www.superyachts.news\/wp-content\/uploads\/2021\/04\/logo-superyachts-tiym-1200.png","contentUrl":"https:\/\/www.superyachts.news\/wp-content\/uploads\/2021\/04\/logo-superyachts-tiym-1200.png","width":1200,"height":188,"caption":"Superyachts News"},"image":{"@id":"https:\/\/www.superyachts.news\/es\/#\/schema\/logo\/image\/"},"sameAs":["https:\/\/www.facebook.com\/TheInternationalYachtingMedia","https:\/\/www.instagram.com\/superyachts.magazine\/","https:\/\/www.linkedin.com\/company\/the-international-yachting-media\/","https:\/\/www.youtube.com\/c\/TheInternationalYachtingMedia"]},{"@type":"Person","@id":"https:\/\/www.superyachts.news\/es\/#\/schema\/person\/04b8a155c633d33e731667540382dc1f","name":"Luca D'Ambrosio","image":{"@type":"ImageObject","inLanguage":"es","@id":"https:\/\/secure.gravatar.com\/avatar\/0b5f349e108a80df19ed28514af5346ec5b7cc58136c2577eafd318543063543?s=96&d=mm&r=g","url":"https:\/\/secure.gravatar.com\/avatar\/0b5f349e108a80df19ed28514af5346ec5b7cc58136c2577eafd318543063543?s=96&d=mm&r=g","contentUrl":"https:\/\/secure.gravatar.com\/avatar\/0b5f349e108a80df19ed28514af5346ec5b7cc58136c2577eafd318543063543?s=96&d=mm&r=g","caption":"Luca D'Ambrosio"},"description":"Editor-in-Chief and Journalist. With more than 30 years spent in the publishing industry and 20 sailing and racing with his boats Luca have a very deep working nautical knowledge.","url":"https:\/\/www.superyachts.news\/es\/author\/luca\/"}]}},"_links":{"self":[{"href":"https:\/\/www.superyachts.news\/es\/wp-json\/wp\/v2\/pages\/77665","targetHints":{"allow":["GET"]}}],"collection":[{"href":"https:\/\/www.superyachts.news\/es\/wp-json\/wp\/v2\/pages"}],"about":[{"href":"https:\/\/www.superyachts.news\/es\/wp-json\/wp\/v2\/types\/page"}],"author":[{"embeddable":true,"href":"https:\/\/www.superyachts.news\/es\/wp-json\/wp\/v2\/users\/3"}],"replies":[{"embeddable":true,"href":"https:\/\/www.superyachts.news\/es\/wp-json\/wp\/v2\/comments?post=77665"}],"version-history":[{"count":1,"href":"https:\/\/www.superyachts.news\/es\/wp-json\/wp\/v2\/pages\/77665\/revisions"}],"predecessor-version":[{"id":77666,"href":"https:\/\/www.superyachts.news\/es\/wp-json\/wp\/v2\/pages\/77665\/revisions\/77666"}],"wp:featuredmedia":[{"embeddable":true,"href":"https:\/\/www.superyachts.news\/es\/wp-json\/wp\/v2\/media\/34418"}],"wp:attachment":[{"href":"https:\/\/www.superyachts.news\/es\/wp-json\/wp\/v2\/media?parent=77665"}],"curies":[{"name":"wp","href":"https:\/\/api.w.org\/{rel}","templated":true}]}}